{"id":6,"date":"2017-11-07T11:13:25","date_gmt":"2017-11-07T10:13:25","guid":{"rendered":"https:\/\/www.emotionalspirit.de\/sonnenwinkel\/?page_id=6"},"modified":"2020-02-25T14:38:31","modified_gmt":"2020-02-25T13:38:31","slug":"fewo-alpenrose","status":"publish","type":"page","link":"https:\/\/fewo-haus-sonnenwinkel.de\/?page_id=6","title":{"rendered":"FeWo Alpenrose"},"content":{"rendered":"\n<table id=\"tablepress-10\" class=\"tablepress tablepress-id-10\">\n<tbody>\n<tr class=\"row-1\">\n\t<td class=\"column-1\"><img loading=\"lazy\" decoding=\"async\" class=\"alignnone size-medium wp-image-151\" src=\"https:\/\/www.emotionalspirit.de\/sonnenwinkel\/wp-content\/uploads\/2017\/11\/Sonnenwinkel_Logo_Haus-Sonnenwinkel-300x140.png\" alt=\"\" width=\"300\" height=\"140\" srcset=\"https:\/\/fewo-haus-sonnenwinkel.de\/wp-content\/uploads\/2017\/11\/Sonnenwinkel_Logo_Haus-Sonnenwinkel-300x140.png 300w, https:\/\/fewo-haus-sonnenwinkel.de\/wp-content\/uploads\/2017\/11\/Sonnenwinkel_Logo_Haus-Sonnenwinkel.png 599w\" sizes=\"auto, (max-width: 300px) 100vw, 300px\" \/><\/td><td class=\"column-2\">Dementsprechend umfasst die Ausstattung der Ferienwohnung Alpenrose:<\/td>\n<\/tr>\n<tr class=\"row-2\">\n\t<td class=\"column-1\"><p dir=\"ltr\" style=\"text-align: left;\" align=\"left\"><img loading=\"lazy\" decoding=\"async\" class=\"alignleft size-medium wp-image-533\" src=\"https:\/\/fewo-haus-sonnenwinkel.de\/wp-content\/uploads\/2019\/01\/Schild_Original_Alpenrose_300x-300x199.jpg\" alt=\"\" width=\"300\" height=\"199\" \/><\/td><td class=\"column-2\"><br \/>\n<br \/>\n<br \/>\n<br \/>\n<\/td>\n<\/tr>\n<tr class=\"row-3\">\n\t<td class=\"column-1\">Erdgeschoss, Gr\u00f6\u00dfe 55 m\u00b2,<\/td><td class=\"column-2\"><\/td>\n<\/tr>\n<tr class=\"row-4\">\n\t<td class=\"column-1\">bis 4 Personen<\/td><td class=\"column-2\"><\/td>\n<\/tr>\n<tr class=\"row-5\">\n\t<td class=\"column-1\">2 separate Schlafzimmer,<\/td><td class=\"column-2\"><\/td>\n<\/tr>\n<tr class=\"row-6\">\n\t<td class=\"column-1\">Badezimmer mit Dusche\/WC,<\/td><td class=\"column-2\"><\/td>\n<\/tr>\n<tr class=\"row-7\">\n\t<td class=\"column-1\">Wohnbereich mit Sat-TV, Radio\/CD-Player und Schlafcouch (2 Personen)<br \/>\nWLAN<\/td><td class=\"column-2\"><\/td>\n<\/tr>\n<tr class=\"row-8\">\n\t<td class=\"column-1\">Moderne K\u00fcche mit Ceran-Kochfeld, Umluftherd mit Grill, Mikrowelle, Sp\u00fclmaschine und K\u00fchlschrank ****<\/td><td class=\"column-2\"><\/td>\n<\/tr>\n<tr class=\"row-9\">\n\t<td class=\"column-1\">kostenloses WLAN<\/td><td class=\"column-2\"><\/td>\n<\/tr>\n<\/tbody>\n<\/table>\n<!-- #tablepress-10 from cache -->\n<p>Wir sind zertifiziert:<\/p>\n<p><img loading=\"lazy\" decoding=\"async\" class=\"size-medium wp-image-783 aligncenter\" src=\"https:\/\/fewo-haus-sonnenwinkel.de\/wp-content\/uploads\/2020\/02\/F-4-sterne-300x57.png\" alt=\"Mit 4-Sternen Zertifiziert\" width=\"300\" height=\"57\" srcset=\"https:\/\/fewo-haus-sonnenwinkel.de\/wp-content\/uploads\/2020\/02\/F-4-sterne-300x57.png 300w, https:\/\/fewo-haus-sonnenwinkel.de\/wp-content\/uploads\/2020\/02\/F-4-sterne-768x146.png 768w, https:\/\/fewo-haus-sonnenwinkel.de\/wp-content\/uploads\/2020\/02\/F-4-sterne.png 993w\" sizes=\"auto, (max-width: 300px) 100vw, 300px\" \/><\/p>\n<h1 dir=\"ltr\" style=\"text-align: center;\" align=\"left\"><strong><span style=\"color: #ffcc00;\">****<\/span><\/strong><\/h1>\n<p><img loading=\"lazy\" decoding=\"async\" class=\"wp-image-296 size-full\" src=\"https:\/\/www.emotionalspirit.de\/sonnenwinkel\/wp-content\/uploads\/2017\/12\/Grundriss_Alpenrose.png\" alt=\"\" width=\"736\" height=\"654\" srcset=\"https:\/\/fewo-haus-sonnenwinkel.de\/wp-content\/uploads\/2017\/12\/Grundriss_Alpenrose.png 736w, https:\/\/fewo-haus-sonnenwinkel.de\/wp-content\/uploads\/2017\/12\/Grundriss_Alpenrose-300x267.png 300w\" sizes=\"auto, (max-width: 736px) 100vw, 736px\" \/><\/p>\n<h1 dir=\"ltr\" style=\"text-align: center;\" align=\"left\"><strong><span style=\"color: #ffcc00;\">****<\/span><\/strong><\/h1>\n\n<table id=\"tablepress-11\" class=\"tablepress tablepress-id-11\">\n<tbody>\n<tr class=\"row-1\">\n\t<td class=\"column-1\"><img loading=\"lazy\" decoding=\"async\" class=\"wp-image-299\" src=\"https:\/\/www.emotionalspirit.de\/sonnenwinkel\/wp-content\/uploads\/2017\/12\/Alpenrose_Wohnen.jpg\" alt=\"Wohnzimmer Alpenrose\" width=\"350\" height=\"263\" srcset=\"https:\/\/fewo-haus-sonnenwinkel.de\/wp-content\/uploads\/2017\/12\/Alpenrose_Wohnen.jpg 461w, https:\/\/fewo-haus-sonnenwinkel.de\/wp-content\/uploads\/2017\/12\/Alpenrose_Wohnen-300x226.jpg 300w\" sizes=\"auto, (max-width: 350px) 100vw, 350px\" \/>\u00a0<\/td><td class=\"column-2\">Der Wohnbereich mit Sat-TV, Radio mit DVD-Player und WLAN in der ganzen Wohnung.<\/td>\n<\/tr>\n<\/tbody>\n<\/table>\n<!-- #tablepress-11 from cache -->\n<h1 dir=\"ltr\" style=\"text-align: center;\" align=\"left\"><strong><span style=\"color: #ffcc00;\">****<\/span><\/strong><\/h1>\n\n<table id=\"tablepress-12\" class=\"tablepress tablepress-id-12\">\n<tbody>\n<tr class=\"row-1\">\n\t<td class=\"column-1\"><img loading=\"lazy\" decoding=\"async\" class=\"wp-image-319\" src=\"https:\/\/www.emotionalspirit.de\/sonnenwinkel\/wp-content\/uploads\/2017\/12\/Alpenrose_Kueche.jpg\" alt=\"\" width=\"350\" height=\"262\" srcset=\"https:\/\/fewo-haus-sonnenwinkel.de\/wp-content\/uploads\/2017\/12\/Alpenrose_Kueche.jpg 429w, https:\/\/fewo-haus-sonnenwinkel.de\/wp-content\/uploads\/2017\/12\/Alpenrose_Kueche-300x224.jpg 300w\" sizes=\"auto, (max-width: 350px) 100vw, 350px\" \/><\/td><td class=\"column-2\">Die Einbauk\u00fcche mit gem\u00fctlicher Essecke ist nach modernstem Standard eingerichtet.<\/td>\n<\/tr>\n<tr class=\"row-2\">\n\t<td class=\"column-1\">Moderne K\u00fcche mit Ceran Kochfeld,<\/td><td class=\"column-2\"><\/td>\n<\/tr>\n<tr class=\"row-3\">\n\t<td class=\"column-1\">Umluftherd mit Grill,<\/td><td class=\"column-2\"><\/td>\n<\/tr>\n<tr class=\"row-4\">\n\t<td class=\"column-1\">Mikrowelle,<\/td><td class=\"column-2\"><\/td>\n<\/tr>\n<tr class=\"row-5\">\n\t<td class=\"column-1\">Sp\u00fclmaschine und<\/td><td class=\"column-2\"><\/td>\n<\/tr>\n<tr class=\"row-6\">\n\t<td class=\"column-1\">K\u00fchlschrank****<\/td><td class=\"column-2\"><\/td>\n<\/tr>\n<tr class=\"row-7\">\n\t<td class=\"column-1\"><img loading=\"lazy\" decoding=\"async\" class=\"alignleft size-medium wp-image-591\" src=\"https:\/\/fewo-haus-sonnenwinkel.de\/wp-content\/uploads\/2019\/01\/Schlafzimmer_Stockbetten-200x300.jpg\" alt=\"\" width=\"200\" height=\"300\" srcset=\"https:\/\/fewo-haus-sonnenwinkel.de\/wp-content\/uploads\/2019\/01\/Schlafzimmer_Stockbetten-200x300.jpg 200w, https:\/\/fewo-haus-sonnenwinkel.de\/wp-content\/uploads\/2019\/01\/Schlafzimmer_Stockbetten.jpg 300w\" sizes=\"auto, (max-width: 200px) 100vw, 200px\" \/><\/td><td class=\"column-2\">Schlafzimmer mit einem Stockbett f\u00fcr 2 Personen.<\/td>\n<\/tr>\n<tr class=\"row-8\">\n\t<td class=\"column-1\"><img loading=\"lazy\" decoding=\"async\" class=\"alignleft size-medium wp-image-640\" src=\"https:\/\/fewo-haus-sonnenwinkel.de\/wp-content\/uploads\/2019\/01\/Doppelzimmer_Alpenrose-300x199.jpg\" alt=\"\" width=\"300\" height=\"199\" \/><\/td><td class=\"column-2\">Doppelzimmer (Double)<\/td>\n<\/tr>\n<tr class=\"row-9\">\n\t<td class=\"column-1\"><img loading=\"lazy\" decoding=\"async\" class=\"alignleft size-medium wp-image-620\" src=\"https:\/\/fewo-haus-sonnenwinkel.de\/wp-content\/uploads\/2019\/01\/Badezimmer_Alpenrose-200x300.jpg\" alt=\"\" width=\"200\" height=\"300\" srcset=\"https:\/\/fewo-haus-sonnenwinkel.de\/wp-content\/uploads\/2019\/01\/Badezimmer_Alpenrose-200x300.jpg 200w, https:\/\/fewo-haus-sonnenwinkel.de\/wp-content\/uploads\/2019\/01\/Badezimmer_Alpenrose.jpg 300w\" sizes=\"auto, (max-width: 200px) 100vw, 200px\" \/><\/td><td class=\"column-2\">Badezimmer mit Dusche.<\/td>\n<\/tr>\n<\/tbody>\n<\/table>\n<!-- #tablepress-12 from cache -->\n<h1 dir=\"ltr\" style=\"text-align: center;\" align=\"left\"><strong><span style=\"color: #ffcc00;\">****<\/span><\/strong><\/h1>\n\n<table id=\"tablepress-1\" class=\"tablepress tablepress-id-1\">\n<tbody class=\"row-hover\">\n<tr class=\"row-1 odd\">\n\t<td class=\"column-1\">Mietpreise FeWo Alpenrose f\u00fcr 2 Personen pro Nacht<\/td><td class=\"column-2\">85.-<\/td>\n<\/tr>\n<\/tbody>\n<\/table>\n<!-- #tablepress-1 from cache -->\n<p><span style=\"font-size: 6pt; color: #ffffff;\">Schlagw\u00f6rter:<br \/>\nAllg\u00e4u, Alpen, Alpenvorland, Argenb\u00fchl, Badesee, Bodensee, Bromerhof, Eisenharz, Familienurlaub, Ferienwohnung, Ferienwohnungen, Garten, Grillplatz, Haus Sonnenwinkel, Isny, Kinder, Langlauf, Neutrauchburg, Nordic-Walking, Radfahren, Sauna, Ski-Alpin \u00dcbernachtung, Hund, wandern, Urlaub, Wangen<\/span><\/p>\n","protected":false},"excerpt":{"rendered":"<p>Wir sind zertifiziert: **** **** **** **** Schlagw\u00f6rter: Allg\u00e4u, Alpen, Alpenvorland, Argenb\u00fchl, Badesee, Bodensee, Bromerhof, Eisenharz, Familienurlaub, Ferienwohnung, Ferienwohnungen, Garten, Grillplatz, Haus Sonnenwinkel, Isny, Kinder, Langlauf, Neutrauchburg, Nordic-Walking, Radfahren, Sauna, Ski-Alpin \u00dcbernachtung, Hund, wandern, Urlaub, Wangen<\/p>\n","protected":false},"author":1,"featured_media":0,"parent":0,"menu_order":2,"comment_status":"closed","ping_status":"closed","template":"","meta":{"footnotes":""},"class_list":["post-6","page","type-page","status-publish","hentry"],"_links":{"self":[{"href":"https:\/\/fewo-haus-sonnenwinkel.de\/index.php?rest_route=\/wp\/v2\/pages\/6","targetHints":{"allow":["GET"]}}],"collection":[{"href":"https:\/\/fewo-haus-sonnenwinkel.de\/index.php?rest_route=\/wp\/v2\/pages"}],"about":[{"href":"https:\/\/fewo-haus-sonnenwinkel.de\/index.php?rest_route=\/wp\/v2\/types\/page"}],"author":[{"embeddable":true,"href":"https:\/\/fewo-haus-sonnenwinkel.de\/index.php?rest_route=\/wp\/v2\/users\/1"}],"replies":[{"embeddable":true,"href":"https:\/\/fewo-haus-sonnenwinkel.de\/index.php?rest_route=%2Fwp%2Fv2%2Fcomments&post=6"}],"version-history":[{"count":76,"href":"https:\/\/fewo-haus-sonnenwinkel.de\/index.php?rest_route=\/wp\/v2\/pages\/6\/revisions"}],"predecessor-version":[{"id":852,"href":"https:\/\/fewo-haus-sonnenwinkel.de\/index.php?rest_route=\/wp\/v2\/pages\/6\/revisions\/852"}],"wp:attachment":[{"href":"https:\/\/fewo-haus-sonnenwinkel.de\/index.php?rest_route=%2Fwp%2Fv2%2Fmedia&parent=6"}],"curies":[{"name":"wp","href":"https:\/\/api.w.org\/{rel}","templated":true}]}}