{"id":4,"date":"2017-11-07T11:01:23","date_gmt":"2017-11-07T10:01:23","guid":{"rendered":"https:\/\/www.emotionalspirit.de\/sonnenwinkel\/?page_id=4"},"modified":"2025-01-02T12:24:26","modified_gmt":"2025-01-02T11:24:26","slug":"willkommen","status":"publish","type":"page","link":"https:\/\/fewo-haus-sonnenwinkel.de\/","title":{"rendered":"Home Page"},"content":{"rendered":"<p><img loading=\"lazy\" decoding=\"async\" class=\"alignnone size-medium wp-image-151\" style=\"font-size: inherit;\" src=\"https:\/\/www.emotionalspirit.de\/sonnenwinkel\/wp-content\/uploads\/2017\/11\/Sonnenwinkel_Logo_Haus-Sonnenwinkel-300x140.png\" alt=\"\" width=\"300\" height=\"140\" srcset=\"https:\/\/fewo-haus-sonnenwinkel.de\/wp-content\/uploads\/2017\/11\/Sonnenwinkel_Logo_Haus-Sonnenwinkel-300x140.png 300w, https:\/\/fewo-haus-sonnenwinkel.de\/wp-content\/uploads\/2017\/11\/Sonnenwinkel_Logo_Haus-Sonnenwinkel.png 599w\" sizes=\"auto, (max-width: 300px) 100vw, 300px\" \/><\/p>\n<p>Wir sind zertifiziert:<\/p>\n<p><img loading=\"lazy\" decoding=\"async\" class=\"size-medium wp-image-783 aligncenter\" src=\"https:\/\/fewo-haus-sonnenwinkel.de\/wp-content\/uploads\/2020\/02\/F-4-sterne-300x57.png\" alt=\"Mit 4-Sternen Zertifiziert\" width=\"300\" height=\"57\" srcset=\"https:\/\/fewo-haus-sonnenwinkel.de\/wp-content\/uploads\/2020\/02\/F-4-sterne-300x57.png 300w, https:\/\/fewo-haus-sonnenwinkel.de\/wp-content\/uploads\/2020\/02\/F-4-sterne-768x146.png 768w, https:\/\/fewo-haus-sonnenwinkel.de\/wp-content\/uploads\/2020\/02\/F-4-sterne.png 993w\" sizes=\"auto, (max-width: 300px) 100vw, 300px\" \/><\/p>\n<div class=\"mceTemp\">\n<figure id=\"attachment_241\" aria-describedby=\"caption-attachment-241\" style=\"width: 1500px\" class=\"wp-caption aligncenter\"><img loading=\"lazy\" decoding=\"async\" class=\"images\" src=\"https:\/\/www.emotionalspirit.de\/sonnenwinkel\/wp-content\/uploads\/2017\/12\/28249600-Kopie.jpg\" alt=\"Einfahrt mit Parkpl\u00e4tzen\" width=\"1500\" height=\"1000\" \/><figcaption id=\"caption-attachment-241\" class=\"wp-caption-text\">Haus Sonnenwinkel Einfahrt mit Parkpl\u00e4tzen<\/figcaption><\/figure>\n<p style=\"text-align: justify; color: #014989; font-family: Tahoma, sans-serif;\">Der reizende Erholungsort\u00a0Argenb\u00fchl liegt im tiefen\u00a0sonnigen S\u00fcden Deutschlands inmitten der sanftgr\u00fcnen\u00a0voralpinen H\u00fcgellandschaft in greifbarer N\u00e4he zu den imposanten Allg\u00e4uer Bergen und dem Bodensee.<\/p>\n<h2><strong><span style=\"color: #ff0000;\">NEU: Wir Wechsel ab dem 15.01.2025 auf unbestimmte Zeit in die Festvermietung der Wohnungen \u201eEdelwei\u00df\u201c und \u201eAlpenrose\u201c<\/span><\/strong>. Besuchen Sie gerne die neue virtuelle 3D Tour durch unsere R\u00e4umlichkeiten:<br \/>\n<iframe loading=\"lazy\" style=\"border: 0;\" src=\"https:\/\/www.google.com\/maps\/embed?pb=!4v1697618949640!6m8!1m7!1sCAoSLEFGMVFpcE1Zdndaa3VaUS0tX0o0NnVUZG1RZU83UFo1ejllbVhMNXB5LXc5!2m2!1d47.688416604733!2d9.9642144470874!3f359.1905375330799!4f-5.638939262282577!5f0.7820865974627469\" width=\"600\" height=\"450\" allowfullscreen=\"allowfullscreen\"><\/iframe><\/h2>\n<figure id=\"attachment_264\" aria-describedby=\"caption-attachment-264\" style=\"width: 1500px\" class=\"wp-caption aligncenter\"><img loading=\"lazy\" decoding=\"async\" class=\"wp-image-264 size-full\" src=\"https:\/\/www.emotionalspirit.de\/sonnenwinkel\/wp-content\/uploads\/2017\/12\/Bergsicht_Bulldog.jpg\" alt=\"Bergsicht mit Bulldog\" width=\"1500\" height=\"1125\" srcset=\"https:\/\/fewo-haus-sonnenwinkel.de\/wp-content\/uploads\/2017\/12\/Bergsicht_Bulldog.jpg 1500w, https:\/\/fewo-haus-sonnenwinkel.de\/wp-content\/uploads\/2017\/12\/Bergsicht_Bulldog-300x225.jpg 300w, https:\/\/fewo-haus-sonnenwinkel.de\/wp-content\/uploads\/2017\/12\/Bergsicht_Bulldog-768x576.jpg 768w, https:\/\/fewo-haus-sonnenwinkel.de\/wp-content\/uploads\/2017\/12\/Bergsicht_Bulldog-1024x768.jpg 1024w\" sizes=\"auto, (max-width: 767px) 89vw, (max-width: 1000px) 54vw, (max-width: 1071px) 543px, 580px\" \/><figcaption id=\"caption-attachment-264\" class=\"wp-caption-text\">Bergsicht mit Bulldog<\/figcaption><\/figure>\n<h1 dir=\"ltr\" style=\"text-align: center;\" align=\"left\"><strong><span style=\"color: #ffcc00;\">****<\/span><\/strong><\/h1>\n<p style=\"text-align: justify; color: #014989; font-family: Tahoma, sans-serif;\">Sechs schmucke D\u00f6rfer mit typisch Allg\u00e4uer Charme und liebenswerten, gastfreundlichen Menschen laden zum Entdecken ein.<\/p>\n<p style=\"text-align: justify; color: #014989; font-family: Tahoma, sans-serif;\">Traumhafte Ferienlandschaft inmitten saftig-gr\u00fcner Wiesen, gesunder W\u00e4lder, Seen und Moore und nur einen Katzensprung entfernt von Alpen und Bodensee, \u00d6sterreich und der Schweiz.<\/p>\n<figure id=\"attachment_29\" aria-describedby=\"caption-attachment-29\" style=\"width: 314px\" class=\"wp-caption aligncenter\"><img loading=\"lazy\" decoding=\"async\" class=\"wp-image-29 size-full\" src=\"https:\/\/www.emotionalspirit.de\/sonnenwinkel\/wp-content\/uploads\/2017\/11\/wsb_314x141_P1000648klein.jpg\" alt=\"\" width=\"314\" height=\"142\" srcset=\"https:\/\/fewo-haus-sonnenwinkel.de\/wp-content\/uploads\/2017\/11\/wsb_314x141_P1000648klein.jpg 314w, https:\/\/fewo-haus-sonnenwinkel.de\/wp-content\/uploads\/2017\/11\/wsb_314x141_P1000648klein-300x136.jpg 300w\" sizes=\"auto, (max-width: 314px) 100vw, 314px\" \/><figcaption id=\"caption-attachment-29\" class=\"wp-caption-text\">Bergblick<\/figcaption><\/figure>\n<p style=\"text-align: justify; color: #014989; font-family: Tahoma, sans-serif;\">Blick aus der Ferienwohnung auf die\u00a0nahegelegene\u00a0Nagelfluhkette der Alpen\u00a0und den Hochgrat.<\/p>\n<h1 dir=\"ltr\" style=\"text-align: center;\" align=\"left\"><strong><span style=\"color: #ffcc00;\">****<\/span><\/strong><\/h1>\n<figure id=\"attachment_247\" aria-describedby=\"caption-attachment-247\" style=\"width: 1500px\" class=\"wp-caption aligncenter\"><img loading=\"lazy\" decoding=\"async\" class=\"wp-image-247 size-full\" src=\"https:\/\/www.emotionalspirit.de\/sonnenwinkel\/wp-content\/uploads\/2017\/12\/28249435-Kopie.jpg\" alt=\"Allg\u00e4uer Landhausstil\" width=\"1500\" height=\"1000\" srcset=\"https:\/\/fewo-haus-sonnenwinkel.de\/wp-content\/uploads\/2017\/12\/28249435-Kopie.jpg 1500w, https:\/\/fewo-haus-sonnenwinkel.de\/wp-content\/uploads\/2017\/12\/28249435-Kopie-300x200.jpg 300w, https:\/\/fewo-haus-sonnenwinkel.de\/wp-content\/uploads\/2017\/12\/28249435-Kopie-768x512.jpg 768w, https:\/\/fewo-haus-sonnenwinkel.de\/wp-content\/uploads\/2017\/12\/28249435-Kopie-1024x683.jpg 1024w\" sizes=\"auto, (max-width: 767px) 89vw, (max-width: 1000px) 54vw, (max-width: 1071px) 543px, 580px\" \/><figcaption id=\"caption-attachment-247\" class=\"wp-caption-text\">Haus Sonnenwinkel im Allg\u00e4uer Landhausstil<\/figcaption><\/figure>\n<figure id=\"attachment_30\" aria-describedby=\"caption-attachment-30\" style=\"width: 150px\" class=\"wp-caption alignleft\"><img loading=\"lazy\" decoding=\"async\" class=\"size-thumbnail wp-image-30\" src=\"https:\/\/www.emotionalspirit.de\/sonnenwinkel\/wp-content\/uploads\/2017\/11\/wsb_200x133_IMGP2149-150x133.jpg\" alt=\"Eingangsbereich\" width=\"150\" height=\"133\" \/><figcaption id=\"caption-attachment-30\" class=\"wp-caption-text\">Eingangsbereich<\/figcaption><\/figure>\n<p><a href=\"https:\/\/fewo-haus-sonnenwinkel.de\/?page_id=6\"><strong><span style=\"color: #ffcc00;\">FeWo Alpenrose<\/span><\/strong><\/a><\/p>\n<p><span style=\"font-family: Tahoma, sans-serif;\"><span style=\"color: #000080; font-size: 1rem;\">Es erwarten Sie zwei gem\u00fctliche im Landhausstil eingerichtete Ferienwohnungen mit 55 qm f\u00fcr 2 \u2013 4 Personen (Alpenrose).<\/span><\/span><\/p>\n<p dir=\"ltr\" align=\"left\"><a href=\"https:\/\/fewo-haus-sonnenwinkel.de\/?page_id=12\"><strong><span style=\"color: #ffcc00;\">FeWo Edelweis<\/span><\/strong><\/a><\/p>\n<p dir=\"ltr\" align=\"left\"><span style=\"color: #014989;\"><span style=\"font-family: Tahoma, sans-serif;\"> und 90 qm f\u00fcr 2 \u2013 6 Personen (Edelwei\u00df).<\/span><\/span><\/p>\n<p style=\"text-align: justify; color: #014989; font-family: Tahoma, sans-serif;\">Die\u00a0Ferienwohnungen\u00a0sind mit 2\u00a0(Alpenrose)\u00a0bzw. 3 (Edelwei\u00df)\u00a0separaten Schlafzimmern ausgestattet.<\/p>\n<p style=\"text-align: justify; color: #014989; font-family: Tahoma, sans-serif;\">Die Wohnzimmer verf\u00fcgen \u00fcber Sat-TV und Radio\/CD-Player.<\/p>\n<p style=\"text-align: justify; color: #014989; font-family: Tahoma, sans-serif;\">Die Einbauk\u00fcchen\u00a0sind nach modernstem Standard mit\u00a0 Ceran-Kochfeld, Umluftherd mit Grill, Mikrowelle und Sp\u00fclmaschine eingerichtet.<\/p>\n<h1 dir=\"ltr\" style=\"text-align: center;\" align=\"left\"><strong><span style=\"color: #ffcc00;\">****<\/span><\/strong><\/h1>\n<p dir=\"ltr\" align=\"justify\"><span style=\"color: #014989; font-family: Tahoma, sans-serif;\">In beiden Ferienwohnungen steht unseren G\u00e4sten WLAN kostenlos zur Verf\u00fcgung.<\/span><\/p>\n<p dir=\"ltr\" align=\"justify\"><span style=\"text-align: justify; color: #014989; font-family: Tahoma, sans-serif;\">Sie wohnen in ruhiger Ortsrandlage, zum Ortszentrum sind es nur 5 Gehminuten. Dort finden Sie: G\u00e4steamt, Landgasthof, Supermarkt, Metzger, B\u00e4cker und Fahrradverleih.<\/span><\/p>\n<figure id=\"attachment_31\" aria-describedby=\"caption-attachment-31\" style=\"width: 150px\" class=\"wp-caption alignleft\"><img loading=\"lazy\" decoding=\"async\" class=\"wp-image-31 size-thumbnail\" src=\"https:\/\/www.emotionalspirit.de\/sonnenwinkel\/wp-content\/uploads\/2017\/11\/wsb_200x133_IMGP2112-150x133.jpg\" alt=\"Haus Sonnenwinkel Parkpl\u00e4tzen am Haus\" width=\"150\" height=\"133\" \/><figcaption id=\"caption-attachment-31\" class=\"wp-caption-text\">Haus Sonnenwinkel Parkpl\u00e4tzen am Haus<\/figcaption><\/figure>\n<p dir=\"ltr\" align=\"justify\"><span style=\"color: #014989; font-family: Tahoma, sans-serif;\">Parkpl\u00e4tze befinden sich direkt am Haus.<\/span><\/p>\n<p dir=\"ltr\" align=\"justify\"><span style=\"color: #014989; font-family: Tahoma, sans-serif;\">Hier werden Ferien zum ganz besonderen Erlebnis. Genie\u00dfen Sie traumhafte Familien- und Erholungsferien in unseren hochwertigen und komfortablen Ferienwohnungen.<\/span><\/p>\n<p style=\"text-align: justify; color: #014989; font-family: Tahoma, sans-serif;\">Staunen Sie \u00fcber das vielf\u00e4ltige Angebot!<\/p>\n<p style=\"text-align: justify; color: #014989; font-family: Tahoma, sans-serif;\"><strong>Bei uns atmen Sie auf!<\/strong><\/p>\n<p><span style=\"text-align: justify; color: #333399;\"><span style=\"text-align: justify; font-family: Tahoma, sans-serif;\">Wir freuen uns auf Sie!<\/span><\/span><\/p>\n<p><img loading=\"lazy\" decoding=\"async\" class=\"alignleft wp-image-260 size-full\" src=\"https:\/\/www.emotionalspirit.de\/sonnenwinkel\/wp-content\/uploads\/2017\/12\/IMG_4522_herz.jpg\" alt=\"Herzlichst\" width=\"1500\" height=\"844\" srcset=\"https:\/\/fewo-haus-sonnenwinkel.de\/wp-content\/uploads\/2017\/12\/IMG_4522_herz.jpg 1500w, https:\/\/fewo-haus-sonnenwinkel.de\/wp-content\/uploads\/2017\/12\/IMG_4522_herz-300x169.jpg 300w, https:\/\/fewo-haus-sonnenwinkel.de\/wp-content\/uploads\/2017\/12\/IMG_4522_herz-768x432.jpg 768w, https:\/\/fewo-haus-sonnenwinkel.de\/wp-content\/uploads\/2017\/12\/IMG_4522_herz-1024x576.jpg 1024w\" sizes=\"auto, (max-width: 767px) 89vw, (max-width: 1000px) 54vw, (max-width: 1071px) 543px, 580px\" \/><\/p>\n<h1><span style=\"color: #333399;\"><span style=\"font-family: Tahoma, sans-serif;\">Herzlichst<br \/>\n<\/span><\/span><em><span style=\"color: #333399;\">Ihre <\/span><\/em><\/h1>\n<h1><em><span style=\"color: #333399;\">Christine Janischek &amp; Sigrid Sporer<\/span><\/em><\/h1>\n<p><span style=\"text-align: justify; font-size: 6pt; color: #ffffff;\">Schlagw\u00f6rter:<br \/>\nAllg\u00e4u, Alpen, Alpenvorland, Argenb\u00fchl, Badesee, Bodensee, Bromerhof, Eisenharz, Familienurlaub, Ferienwohnung, Ferienwohnungen, Garten, Grillplatz, Haus Sonnenwinkel, Isny, Kinder, Langlauf, Neutrauchburg, Nordic-Walking, Radfahren, Sauna, Ski-Alpin \u00dcbernachtung, Hund, wandern, Urlaub, Wangen<\/span><\/p>\n<\/div>\n","protected":false},"excerpt":{"rendered":"<p>Wir sind zertifiziert: Der reizende Erholungsort\u00a0Argenb\u00fchl liegt im tiefen\u00a0sonnigen S\u00fcden Deutschlands inmitten der sanftgr\u00fcnen\u00a0voralpinen H\u00fcgellandschaft in greifbarer N\u00e4he zu den imposanten Allg\u00e4uer Bergen und dem Bodensee. NEU: Wir Wechsel ab dem 15.01.2025 auf unbestimmte Zeit in die Festvermietung der Wohnungen \u201eEdelwei\u00df\u201c und \u201eAlpenrose\u201c. Besuchen Sie gerne die neue virtuelle 3D Tour durch unsere R\u00e4umlichkeiten: **** &hellip; <\/p>\n<p class=\"link-more\"><a href=\"https:\/\/fewo-haus-sonnenwinkel.de\/\" class=\"more-link\"><span class=\"screen-reader-text\">\u201eHome Page\u201c<\/span> weiterlesen<\/a><\/p>\n","protected":false},"author":1,"featured_media":0,"parent":0,"menu_order":1,"comment_status":"closed","ping_status":"closed","template":"","meta":{"footnotes":""},"class_list":["post-4","page","type-page","status-publish","hentry"],"_links":{"self":[{"href":"https:\/\/fewo-haus-sonnenwinkel.de\/index.php?rest_route=\/wp\/v2\/pages\/4","targetHints":{"allow":["GET"]}}],"collection":[{"href":"https:\/\/fewo-haus-sonnenwinkel.de\/index.php?rest_route=\/wp\/v2\/pages"}],"about":[{"href":"https:\/\/fewo-haus-sonnenwinkel.de\/index.php?rest_route=\/wp\/v2\/types\/page"}],"author":[{"embeddable":true,"href":"https:\/\/fewo-haus-sonnenwinkel.de\/index.php?rest_route=\/wp\/v2\/users\/1"}],"replies":[{"embeddable":true,"href":"https:\/\/fewo-haus-sonnenwinkel.de\/index.php?rest_route=%2Fwp%2Fv2%2Fcomments&post=4"}],"version-history":[{"count":83,"href":"https:\/\/fewo-haus-sonnenwinkel.de\/index.php?rest_route=\/wp\/v2\/pages\/4\/revisions"}],"predecessor-version":[{"id":867,"href":"https:\/\/fewo-haus-sonnenwinkel.de\/index.php?rest_route=\/wp\/v2\/pages\/4\/revisions\/867"}],"wp:attachment":[{"href":"https:\/\/fewo-haus-sonnenwinkel.de\/index.php?rest_route=%2Fwp%2Fv2%2Fmedia&parent=4"}],"curies":[{"name":"wp","href":"https:\/\/api.w.org\/{rel}","templated":true}]}}