{"id":20,"date":"2017-11-07T11:23:51","date_gmt":"2017-11-07T10:23:51","guid":{"rendered":"https:\/\/www.emotionalspirit.de\/sonnenwinkel\/?page_id=20"},"modified":"2024-02-21T08:19:21","modified_gmt":"2024-02-21T07:19:21","slug":"kontakt-impressum","status":"publish","type":"page","link":"https:\/\/fewo-haus-sonnenwinkel.de\/?page_id=20","title":{"rendered":"Kontakt und Impressum"},"content":{"rendered":"<p align=\"left\"><img loading=\"lazy\" decoding=\"async\" class=\"alignnone size-medium wp-image-151\" src=\"https:\/\/www.emotionalspirit.de\/sonnenwinkel\/wp-content\/uploads\/2017\/11\/Sonnenwinkel_Logo_Haus-Sonnenwinkel-300x140.png\" alt=\"\" width=\"300\" height=\"140\" srcset=\"https:\/\/fewo-haus-sonnenwinkel.de\/wp-content\/uploads\/2017\/11\/Sonnenwinkel_Logo_Haus-Sonnenwinkel-300x140.png 300w, https:\/\/fewo-haus-sonnenwinkel.de\/wp-content\/uploads\/2017\/11\/Sonnenwinkel_Logo_Haus-Sonnenwinkel.png 599w\" sizes=\"auto, (max-width: 300px) 100vw, 300px\" \/><\/p>\n<p align=\"left\"><span style=\"font-family: Tahoma, sans-serif;\"><strong><span style=\"color: #ffb302;\">Kontakt &amp; Impressum<\/span><br \/>\n<\/strong><\/span><\/p>\n<p align=\"left\"><span style=\"color: #014989;\"><span style=\"font-family: Tahoma, sans-serif;\"><strong>Haus Sonnenwinkel<\/strong><br \/>\nSigrid Sporer, Christine Janischek, J\u00fcrgen Pfefferkorn und Markus M. Mauser<br \/>\n<\/span><\/span><span style=\"color: #014989;\"><span style=\"font-family: Tahoma, sans-serif;\">Panoramaweg 9<br \/>\n88260 Argenb\u00fchl-Eisenharz<\/span><\/span><\/p>\n<p align=\"left\"><span style=\"color: #014989; font-family: Tahoma, sans-serif;\">Telefon +49 (0) 7566 &#8211; 94 00 99 8<\/span><span style=\"color: #014989;\"><br \/>\n<span style=\"font-family: Tahoma, sans-serif;\">E-Mail:\u00a0<\/span><a href=\"mailto:info@fewo-haus-sonnenwinkel.de\"><span style=\"font-family: Tahoma, sans-serif;\">info@fewo-haus-sonnenwinkel.de<\/span><\/a><br \/>\n<\/span><span style=\"color: #014989; font-family: Tahoma, sans-serif;\">Internet: www.fewo-haus-sonnenwinkel.de<\/span><\/p>\n<p align=\"left\"><a href=\"https:\/\/fewo-haus-sonnenwinkel.de\/wp-content\/uploads\/2019\/03\/Flyer_Haus_Sonnenwinkel_web.pdf\">Flyer Haus Sonnenwinkel zum Download<\/a><\/p>\n<p align=\"left\">Wir sind zertifiziert:<\/p>\n<p align=\"left\"><img loading=\"lazy\" decoding=\"async\" class=\"size-medium wp-image-783 aligncenter\" src=\"https:\/\/fewo-haus-sonnenwinkel.de\/wp-content\/uploads\/2020\/02\/F-4-sterne-300x57.png\" alt=\"Mit 4-Sternen Zertifiziert\" width=\"300\" height=\"57\" srcset=\"https:\/\/fewo-haus-sonnenwinkel.de\/wp-content\/uploads\/2020\/02\/F-4-sterne-300x57.png 300w, https:\/\/fewo-haus-sonnenwinkel.de\/wp-content\/uploads\/2020\/02\/F-4-sterne-768x146.png 768w, https:\/\/fewo-haus-sonnenwinkel.de\/wp-content\/uploads\/2020\/02\/F-4-sterne.png 993w\" sizes=\"auto, (max-width: 300px) 100vw, 300px\" \/><\/p>\n<p align=\"justify\">Bitte beachten Sie den\u00a0<a href=\"http:\/\/www.disclaimer.de\/disclaimer.htm\">Haftungsausschluss<\/a>, der inhaltlich als Teil dieser Seite anzusehen ist.<\/p>\n<p align=\"justify\">Hinweis zur Online-Streitbelegung gem\u00e4\u00df Art. 14 Abs. 1 ODR-VO: Die Europ\u00e4ische Kommission stellt eine Plattform zur Streitbelegung (OS) bereit, die Sie unter <a href=\"https:\/\/ec.europa.eu\/consumer\/odr\/\" target=\"_blank\" rel=\"noopener noreferrer\">https:\/\/ec.europa.eu\/consumer\/odr\/<\/a> finden.<\/p>\n<p align=\"justify\">Einer kommerziellen Nutzung (unaufgeforderte Werbung etc.) der oben genannten E-Mail-Adresse und Telefonnummern, die ausschlie\u00dflich f\u00fcr dieses Impressum angelegt wurde, widerspreche ich.<\/p>\n<p><span style=\"font-size: 6pt; color: #ffffff;\">Schlagw\u00f6rter:<br \/>\nAllg\u00e4u, Alpen, Alpenvorland, Argenb\u00fchl, Badesee, Bodensee, Bromerhof, Eisenharz, Familienurlaub, Ferienwohnung, Ferienwohnungen, Garten, Grillplatz, Haus Sonnenwinkel, Isny, Kinder, Langlauf, Neutrauchburg, Nordic-Walking, Radfahren, Sauna, Ski-Alpin \u00dcbernachtung, Hund, wandern, Urlaub, Wangen<\/span><\/p>\n","protected":false},"excerpt":{"rendered":"<p>Kontakt &amp; Impressum Haus Sonnenwinkel Sigrid Sporer, Christine Janischek, J\u00fcrgen Pfefferkorn und Markus M. Mauser Panoramaweg 9 88260 Argenb\u00fchl-Eisenharz Telefon +49 (0) 7566 &#8211; 94 00 99 8 E-Mail:\u00a0info@fewo-haus-sonnenwinkel.de Internet: www.fewo-haus-sonnenwinkel.de Flyer Haus Sonnenwinkel zum Download Wir sind zertifiziert: Bitte beachten Sie den\u00a0Haftungsausschluss, der inhaltlich als Teil dieser Seite anzusehen ist. Hinweis zur Online-Streitbelegung gem\u00e4\u00df &hellip; <\/p>\n<p class=\"link-more\"><a href=\"https:\/\/fewo-haus-sonnenwinkel.de\/?page_id=20\" class=\"more-link\"><span class=\"screen-reader-text\">\u201eKontakt und Impressum\u201c<\/span> weiterlesen<\/a><\/p>\n","protected":false},"author":1,"featured_media":0,"parent":0,"menu_order":6,"comment_status":"closed","ping_status":"closed","template":"","meta":{"footnotes":""},"class_list":["post-20","page","type-page","status-publish","hentry"],"_links":{"self":[{"href":"https:\/\/fewo-haus-sonnenwinkel.de\/index.php?rest_route=\/wp\/v2\/pages\/20","targetHints":{"allow":["GET"]}}],"collection":[{"href":"https:\/\/fewo-haus-sonnenwinkel.de\/index.php?rest_route=\/wp\/v2\/pages"}],"about":[{"href":"https:\/\/fewo-haus-sonnenwinkel.de\/index.php?rest_route=\/wp\/v2\/types\/page"}],"author":[{"embeddable":true,"href":"https:\/\/fewo-haus-sonnenwinkel.de\/index.php?rest_route=\/wp\/v2\/users\/1"}],"replies":[{"embeddable":true,"href":"https:\/\/fewo-haus-sonnenwinkel.de\/index.php?rest_route=%2Fwp%2Fv2%2Fcomments&post=20"}],"version-history":[{"count":15,"href":"https:\/\/fewo-haus-sonnenwinkel.de\/index.php?rest_route=\/wp\/v2\/pages\/20\/revisions"}],"predecessor-version":[{"id":853,"href":"https:\/\/fewo-haus-sonnenwinkel.de\/index.php?rest_route=\/wp\/v2\/pages\/20\/revisions\/853"}],"wp:attachment":[{"href":"https:\/\/fewo-haus-sonnenwinkel.de\/index.php?rest_route=%2Fwp%2Fv2%2Fmedia&parent=20"}],"curies":[{"name":"wp","href":"https:\/\/api.w.org\/{rel}","templated":true}]}}