{"id":17,"date":"2017-11-07T11:19:06","date_gmt":"2017-11-07T10:19:06","guid":{"rendered":"https:\/\/www.emotionalspirit.de\/sonnenwinkel\/?page_id=17"},"modified":"2020-02-25T12:03:14","modified_gmt":"2020-02-25T11:03:14","slug":"umgebung-und-anreise","status":"publish","type":"page","link":"https:\/\/fewo-haus-sonnenwinkel.de\/?page_id=17","title":{"rendered":"Umgebung und Anreise"},"content":{"rendered":"<p><img loading=\"lazy\" decoding=\"async\" class=\"alignnone size-medium wp-image-151\" src=\"https:\/\/www.emotionalspirit.de\/sonnenwinkel\/wp-content\/uploads\/2017\/11\/Sonnenwinkel_Logo_Haus-Sonnenwinkel-300x140.png\" alt=\"\" width=\"300\" height=\"140\" srcset=\"https:\/\/fewo-haus-sonnenwinkel.de\/wp-content\/uploads\/2017\/11\/Sonnenwinkel_Logo_Haus-Sonnenwinkel-300x140.png 300w, https:\/\/fewo-haus-sonnenwinkel.de\/wp-content\/uploads\/2017\/11\/Sonnenwinkel_Logo_Haus-Sonnenwinkel.png 599w\" sizes=\"auto, (max-width: 300px) 100vw, 300px\" \/><\/p>\n<p><iframe loading=\"lazy\" style=\"border: 0;\" src=\"https:\/\/www.google.com\/maps\/embed?pb=!1m18!1m12!1m3!1d2685.799868821689!2d9.9644798!3d47.688306499999996!2m3!1f0!2f0!3f0!3m2!1i1024!2i768!4f13.1!3m3!1m2!1s0x479b9c4b68e6573f%3A0x99310010ec71e0d8!2sHaus+Sonnenwinkel!5e0!3m2!1sde!2sde!4v1510420762710\" width=\"600\" height=\"450\" frameborder=\"0\" allowfullscreen=\"allowfullscreen\"><\/iframe><\/p>\n<p><img loading=\"lazy\" decoding=\"async\" class=\"alignnone wp-image-111 size-full\" src=\"https:\/\/www.emotionalspirit.de\/sonnenwinkel\/wp-content\/uploads\/2017\/11\/wsb_650x426_Anreise.png\" alt=\"\" width=\"650\" height=\"426\" srcset=\"https:\/\/fewo-haus-sonnenwinkel.de\/wp-content\/uploads\/2017\/11\/wsb_650x426_Anreise.png 650w, https:\/\/fewo-haus-sonnenwinkel.de\/wp-content\/uploads\/2017\/11\/wsb_650x426_Anreise-300x197.png 300w\" sizes=\"auto, (max-width: 650px) 100vw, 650px\" \/><\/p>\n<p><img loading=\"lazy\" decoding=\"async\" class=\"alignnone wp-image-18 size-full\" src=\"https:\/\/www.emotionalspirit.de\/sonnenwinkel\/wp-content\/uploads\/2017\/11\/wsb_650x958_Umgebung.png\" alt=\"\" width=\"650\" height=\"958\" srcset=\"https:\/\/fewo-haus-sonnenwinkel.de\/wp-content\/uploads\/2017\/11\/wsb_650x958_Umgebung.png 650w, https:\/\/fewo-haus-sonnenwinkel.de\/wp-content\/uploads\/2017\/11\/wsb_650x958_Umgebung-204x300.png 204w\" sizes=\"auto, (max-width: 650px) 100vw, 650px\" \/><\/p>\n<p><span style=\"color: #014989;\"><span style=\"font-family: Tahoma, sans-serif;\">Hier finden Sie weitere Informationen<\/span><\/span><\/p>\n<p><span style=\"color: #014989; font-family: Tahoma, sans-serif;\">&#8211; \u00fcber die Region<br \/>\n&#8211; zu Ausflugsm\u00f6glichkeiten<br \/>\n&#8211; zu Sehensw\u00fcrdigkeiten<br \/>\n&#8211; zu Freizeitaktivit\u00e4ten<\/span><\/p>\n<p><span style=\"color: #014989; font-family: Tahoma, sans-serif;\">und vieles mehr. Wir beraten Sie gerne:<\/span><\/p>\n<p><span style=\"color: #014989; font-family: Tahoma, sans-serif;\"><a title=\"Luftkurort Argenb\u00fchl im Allg\u00e4u\" href=\"http:\/\/www.argenbuehl.de\/index.php?TourismusFreizeit\" target=\"_blank\" rel=\"noopener noreferrer\">Ferienregion Argenb\u00fchl<\/a><\/span><\/p>\n<p><span style=\"color: #014989; font-family: Tahoma, sans-serif;\"><a title=\"Allg\u00e4u - Alpenland - Bodensee\" href=\"http:\/\/www.ferienregion-allgaeu.de\/\" target=\"_blank\" rel=\"noopener noreferrer\">Ferienregion Allg\u00e4u<\/a><\/span><\/p>\n<p><span style=\"color: #014989; font-family: Tahoma, sans-serif;\"><a title=\"Urlaubsportal zu allen Themen im Allg\u00e4u wie Freizeit, Sport und Erholung\" href=\"http:\/\/www.dein-allgaeu.de\/\" target=\"_blank\" rel=\"noopener noreferrer\">Dein Allg\u00e4u<\/a><\/span><\/p>\n","protected":false},"excerpt":{"rendered":"<p>Hier finden Sie weitere Informationen &#8211; \u00fcber die Region &#8211; zu Ausflugsm\u00f6glichkeiten &#8211; zu Sehensw\u00fcrdigkeiten &#8211; zu Freizeitaktivit\u00e4ten und vieles mehr. Wir beraten Sie gerne: Ferienregion Argenb\u00fchl Ferienregion Allg\u00e4u Dein Allg\u00e4u<\/p>\n","protected":false},"author":1,"featured_media":0,"parent":0,"menu_order":5,"comment_status":"closed","ping_status":"closed","template":"","meta":{"footnotes":""},"class_list":["post-17","page","type-page","status-publish","hentry"],"_links":{"self":[{"href":"https:\/\/fewo-haus-sonnenwinkel.de\/index.php?rest_route=\/wp\/v2\/pages\/17","targetHints":{"allow":["GET"]}}],"collection":[{"href":"https:\/\/fewo-haus-sonnenwinkel.de\/index.php?rest_route=\/wp\/v2\/pages"}],"about":[{"href":"https:\/\/fewo-haus-sonnenwinkel.de\/index.php?rest_route=\/wp\/v2\/types\/page"}],"author":[{"embeddable":true,"href":"https:\/\/fewo-haus-sonnenwinkel.de\/index.php?rest_route=\/wp\/v2\/users\/1"}],"replies":[{"embeddable":true,"href":"https:\/\/fewo-haus-sonnenwinkel.de\/index.php?rest_route=%2Fwp%2Fv2%2Fcomments&post=17"}],"version-history":[{"count":10,"href":"https:\/\/fewo-haus-sonnenwinkel.de\/index.php?rest_route=\/wp\/v2\/pages\/17\/revisions"}],"predecessor-version":[{"id":767,"href":"https:\/\/fewo-haus-sonnenwinkel.de\/index.php?rest_route=\/wp\/v2\/pages\/17\/revisions\/767"}],"wp:attachment":[{"href":"https:\/\/fewo-haus-sonnenwinkel.de\/index.php?rest_route=%2Fwp%2Fv2%2Fmedia&parent=17"}],"curies":[{"name":"wp","href":"https:\/\/api.w.org\/{rel}","templated":true}]}}