{"id":14,"date":"2017-11-07T11:16:52","date_gmt":"2017-11-07T10:16:52","guid":{"rendered":"https:\/\/www.emotionalspirit.de\/sonnenwinkel\/?page_id=14"},"modified":"2020-03-05T18:36:18","modified_gmt":"2020-03-05T17:36:18","slug":"stubn-sauna-und-garten","status":"publish","type":"page","link":"https:\/\/fewo-haus-sonnenwinkel.de\/?page_id=14","title":{"rendered":"Stub&#8217;n, Sauna und Garten"},"content":{"rendered":"<p><img loading=\"lazy\" decoding=\"async\" class=\"alignnone size-medium wp-image-151\" src=\"https:\/\/www.emotionalspirit.de\/sonnenwinkel\/wp-content\/uploads\/2017\/11\/Sonnenwinkel_Logo_Haus-Sonnenwinkel-300x140.png\" alt=\"\" width=\"300\" height=\"140\" srcset=\"https:\/\/fewo-haus-sonnenwinkel.de\/wp-content\/uploads\/2017\/11\/Sonnenwinkel_Logo_Haus-Sonnenwinkel-300x140.png 300w, https:\/\/fewo-haus-sonnenwinkel.de\/wp-content\/uploads\/2017\/11\/Sonnenwinkel_Logo_Haus-Sonnenwinkel.png 599w\" sizes=\"auto, (max-width: 300px) 100vw, 300px\" \/><\/p>\n<p><img loading=\"lazy\" decoding=\"async\" class=\"padding-right:5px; alignleft wp-image-434\" src=\"https:\/\/fewo-haus-sonnenwinkel.de\/wp-content\/uploads\/2018\/09\/Schild_Allgaeustubn-300x210.png\" alt=\"\" width=\"200\" height=\"140\" srcset=\"https:\/\/fewo-haus-sonnenwinkel.de\/wp-content\/uploads\/2018\/09\/Schild_Allgaeustubn-300x210.png 300w, https:\/\/fewo-haus-sonnenwinkel.de\/wp-content\/uploads\/2018\/09\/Schild_Allgaeustubn.png 511w\" sizes=\"auto, (max-width: 200px) 100vw, 200px\" \/><\/p>\n<p style=\"color: #014989; font-family: Tahoma, sans-serif;\">Verweilen Sie in unserer urigen Allg\u00e4ustub&#8217;n.<\/p>\n<p style=\"color: #014989; font-family: Tahoma, sans-serif;\">Es stehen Ihnen f\u00fcr den gemeinsamen Spa\u00df<\/p>\n<p><img loading=\"lazy\" decoding=\"async\" class=\"padding-right:5px; alignleft wp-image-437\" src=\"https:\/\/fewo-haus-sonnenwinkel.de\/wp-content\/uploads\/2018\/09\/Aullgaeustubn_IMG_3194_klein-225x300.jpg\" alt=\"\" width=\"150\" height=\"200\" srcset=\"https:\/\/fewo-haus-sonnenwinkel.de\/wp-content\/uploads\/2018\/09\/Aullgaeustubn_IMG_3194_klein-225x300.jpg 225w, https:\/\/fewo-haus-sonnenwinkel.de\/wp-content\/uploads\/2018\/09\/Aullgaeustubn_IMG_3194_klein.jpg 750w\" sizes=\"auto, (max-width: 150px) 100vw, 150px\" \/><\/p>\n<ul style=\"color: #014989; font-family: Tahoma, sans-serif;\">\n<li>Billard<\/li>\n<li>Darts<\/li>\n<li>Tischfu\u00dfball<\/li>\n<li>Getr\u00e4nke auf Anfrage<\/li>\n<\/ul>\n<p style=\"color: #014989; font-family: Tahoma, sans-serif;\">oder allerlei Gesellschaftsspiele zur Verf\u00fcgung&#8230;<\/p>\n\n<table id=\"tablepress-4\" class=\"tablepress tablepress-id-4\">\n<tbody class=\"row-hover\">\n<tr class=\"row-1 odd\">\n\t<td class=\"column-1\"><img loading=\"lazy\" decoding=\"async\" class=\"alignleft wp-image-440\" src=\"https:\/\/fewo-haus-sonnenwinkel.de\/wp-content\/uploads\/2018\/09\/Billiard_IMG_3205_klein.jpg\" alt=\"\" width=\"150\" height=\"113\" srcset=\"https:\/\/fewo-haus-sonnenwinkel.de\/wp-content\/uploads\/2018\/09\/Billiard_IMG_3205_klein.jpg 1000w, https:\/\/fewo-haus-sonnenwinkel.de\/wp-content\/uploads\/2018\/09\/Billiard_IMG_3205_klein-300x225.jpg 300w, https:\/\/fewo-haus-sonnenwinkel.de\/wp-content\/uploads\/2018\/09\/Billiard_IMG_3205_klein-768x576.jpg 768w\" sizes=\"auto, (max-width: 150px) 100vw, 150px\" \/><\/td><td class=\"column-2\"><img loading=\"lazy\" decoding=\"async\" class=\"wp-image-446 aligncenter\" src=\"https:\/\/fewo-haus-sonnenwinkel.de\/wp-content\/uploads\/2018\/09\/Kicker_Billiard_IMG_3201_klein.jpg\" alt=\"\" width=\"150\" height=\"113\" srcset=\"https:\/\/fewo-haus-sonnenwinkel.de\/wp-content\/uploads\/2018\/09\/Kicker_Billiard_IMG_3201_klein.jpg 1000w, https:\/\/fewo-haus-sonnenwinkel.de\/wp-content\/uploads\/2018\/09\/Kicker_Billiard_IMG_3201_klein-300x225.jpg 300w, https:\/\/fewo-haus-sonnenwinkel.de\/wp-content\/uploads\/2018\/09\/Kicker_Billiard_IMG_3201_klein-768x576.jpg 768w\" sizes=\"auto, (max-width: 150px) 100vw, 150px\" \/><\/td><td class=\"column-3\"><img loading=\"lazy\" decoding=\"async\" class=\"alignright wp-image-442\" src=\"https:\/\/fewo-haus-sonnenwinkel.de\/wp-content\/uploads\/2018\/09\/Darts_IMG_3206_klein.jpg\" alt=\"\" width=\"150\" height=\"113\" srcset=\"https:\/\/fewo-haus-sonnenwinkel.de\/wp-content\/uploads\/2018\/09\/Darts_IMG_3206_klein.jpg 1000w, https:\/\/fewo-haus-sonnenwinkel.de\/wp-content\/uploads\/2018\/09\/Darts_IMG_3206_klein-300x225.jpg 300w, https:\/\/fewo-haus-sonnenwinkel.de\/wp-content\/uploads\/2018\/09\/Darts_IMG_3206_klein-768x576.jpg 768w\" sizes=\"auto, (max-width: 150px) 100vw, 150px\" \/><\/td>\n<\/tr>\n<\/tbody>\n<\/table>\n<!-- #tablepress-4 from cache -->\n<h1 dir=\"ltr\" style=\"text-align: center;\" align=\"left\"><strong><span style=\"color: #ffcc00;\">****<\/span><\/strong><\/h1>\n<p style=\"color: #014989; font-family: Tahoma, sans-serif;\">oder entspannen Sie sich nach einem erlebnisreichen Tag in der Sauna mit Ruheraum und Au\u00dfenbereich.<\/p>\n\n<table id=\"tablepress-5\" class=\"tablepress tablepress-id-5\">\n<tbody class=\"row-hover\">\n<tr class=\"row-1 odd\">\n\t<td class=\"column-1\"><img loading=\"lazy\" decoding=\"async\" class=\"alignleft wp-image-463\" src=\"https:\/\/fewo-haus-sonnenwinkel.de\/wp-content\/uploads\/2018\/09\/Duschen_IMG_3209_klein-300x225.jpg\" alt=\"\" width=\"150\" height=\"113\" srcset=\"https:\/\/fewo-haus-sonnenwinkel.de\/wp-content\/uploads\/2018\/09\/Duschen_IMG_3209_klein-300x225.jpg 300w, https:\/\/fewo-haus-sonnenwinkel.de\/wp-content\/uploads\/2018\/09\/Duschen_IMG_3209_klein-768x576.jpg 768w, https:\/\/fewo-haus-sonnenwinkel.de\/wp-content\/uploads\/2018\/09\/Duschen_IMG_3209_klein.jpg 1000w\" sizes=\"auto, (max-width: 150px) 100vw, 150px\" \/><\/td><td class=\"column-2\"><img loading=\"lazy\" decoding=\"async\" class=\"alignleft wp-image-462\" src=\"https:\/\/fewo-haus-sonnenwinkel.de\/wp-content\/uploads\/2018\/09\/Sauna_IMG_3193_klein-300x225.jpg\" alt=\"\" width=\"150\" height=\"113\" srcset=\"https:\/\/fewo-haus-sonnenwinkel.de\/wp-content\/uploads\/2018\/09\/Sauna_IMG_3193_klein-300x225.jpg 300w, https:\/\/fewo-haus-sonnenwinkel.de\/wp-content\/uploads\/2018\/09\/Sauna_IMG_3193_klein-768x576.jpg 768w, https:\/\/fewo-haus-sonnenwinkel.de\/wp-content\/uploads\/2018\/09\/Sauna_IMG_3193_klein.jpg 1000w\" sizes=\"auto, (max-width: 150px) 100vw, 150px\" \/><\/td>\n<\/tr>\n<\/tbody>\n<\/table>\n<!-- #tablepress-5 from cache -->\n<p><span style=\"font-size: 6pt; color: #ffffff;\">Schlagw\u00f6rter:<br \/>\nAllg\u00e4u, Alpen, Alpenvorland, Argenb\u00fchl, Badesee, Bodensee, Bromerhof, Eisenharz, Familienurlaub, Ferienwohnung, Ferienwohnungen, Garten, Grillplatz, Haus Sonnenwinkel, Isny, Kinder, Langlauf, Neutrauchburg, Nordic-Walking, Radfahren, Sauna, Ski-Alpin \u00dcbernachtung, Hund, wandern, Urlaub, Wangen<\/span><\/p>\n","protected":false},"excerpt":{"rendered":"<p>Verweilen Sie in unserer urigen Allg\u00e4ustub&#8217;n. Es stehen Ihnen f\u00fcr den gemeinsamen Spa\u00df Billard Darts Tischfu\u00dfball Getr\u00e4nke auf Anfrage oder allerlei Gesellschaftsspiele zur Verf\u00fcgung&#8230; **** oder entspannen Sie sich nach einem erlebnisreichen Tag in der Sauna mit Ruheraum und Au\u00dfenbereich. Schlagw\u00f6rter: Allg\u00e4u, Alpen, Alpenvorland, Argenb\u00fchl, Badesee, Bodensee, Bromerhof, Eisenharz, Familienurlaub, Ferienwohnung, Ferienwohnungen, Garten, Grillplatz, Haus &hellip; <\/p>\n<p class=\"link-more\"><a href=\"https:\/\/fewo-haus-sonnenwinkel.de\/?page_id=14\" class=\"more-link\"><span class=\"screen-reader-text\">\u201eStub&#8217;n, Sauna und Garten\u201c<\/span> weiterlesen<\/a><\/p>\n","protected":false},"author":1,"featured_media":0,"parent":0,"menu_order":4,"comment_status":"closed","ping_status":"closed","template":"","meta":{"footnotes":""},"class_list":["post-14","page","type-page","status-publish","hentry"],"_links":{"self":[{"href":"https:\/\/fewo-haus-sonnenwinkel.de\/index.php?rest_route=\/wp\/v2\/pages\/14","targetHints":{"allow":["GET"]}}],"collection":[{"href":"https:\/\/fewo-haus-sonnenwinkel.de\/index.php?rest_route=\/wp\/v2\/pages"}],"about":[{"href":"https:\/\/fewo-haus-sonnenwinkel.de\/index.php?rest_route=\/wp\/v2\/types\/page"}],"author":[{"embeddable":true,"href":"https:\/\/fewo-haus-sonnenwinkel.de\/index.php?rest_route=\/wp\/v2\/users\/1"}],"replies":[{"embeddable":true,"href":"https:\/\/fewo-haus-sonnenwinkel.de\/index.php?rest_route=%2Fwp%2Fv2%2Fcomments&post=14"}],"version-history":[{"count":30,"href":"https:\/\/fewo-haus-sonnenwinkel.de\/index.php?rest_route=\/wp\/v2\/pages\/14\/revisions"}],"predecessor-version":[{"id":811,"href":"https:\/\/fewo-haus-sonnenwinkel.de\/index.php?rest_route=\/wp\/v2\/pages\/14\/revisions\/811"}],"wp:attachment":[{"href":"https:\/\/fewo-haus-sonnenwinkel.de\/index.php?rest_route=%2Fwp%2Fv2%2Fmedia&parent=14"}],"curies":[{"name":"wp","href":"https:\/\/api.w.org\/{rel}","templated":true}]}}