{"id":12,"date":"2017-11-07T11:15:34","date_gmt":"2017-11-07T10:15:34","guid":{"rendered":"https:\/\/www.emotionalspirit.de\/sonnenwinkel\/?page_id=12"},"modified":"2023-05-24T12:53:26","modified_gmt":"2023-05-24T10:53:26","slug":"fewo-edelweis","status":"publish","type":"page","link":"https:\/\/fewo-haus-sonnenwinkel.de\/?page_id=12","title":{"rendered":"FeWo Edelwei\u00df"},"content":{"rendered":"<p dir=\"ltr\" style=\"text-align: left;\" align=\"left\">\n<table id=\"tablepress-8\" class=\"tablepress tablepress-id-8\">\n<tbody>\n<tr class=\"row-1\">\n\t<td class=\"column-1\"><img loading=\"lazy\" decoding=\"async\" class=\"alignnone size-medium wp-image-151\" src=\"https:\/\/www.emotionalspirit.de\/sonnenwinkel\/wp-content\/uploads\/2017\/11\/Sonnenwinkel_Logo_Haus-Sonnenwinkel-300x140.png\" alt=\"\" width=\"300\" height=\"140\" srcset=\"https:\/\/fewo-haus-sonnenwinkel.de\/wp-content\/uploads\/2017\/11\/Sonnenwinkel_Logo_Haus-Sonnenwinkel-300x140.png 300w, https:\/\/fewo-haus-sonnenwinkel.de\/wp-content\/uploads\/2017\/11\/Sonnenwinkel_Logo_Haus-Sonnenwinkel.png 599w\" sizes=\"auto, (max-width: 300px) 100vw, 300px\" \/><\/td><td class=\"column-2\">Dementsprechend umfasst die Ausstattung der Ferienwohnung Edelwei\u00df:<\/td>\n<\/tr>\n<tr class=\"row-2\">\n\t<td class=\"column-1\"><img loading=\"lazy\" decoding=\"async\" class=\"alignleft size-medium wp-image-534\" src=\"https:\/\/fewo-haus-sonnenwinkel.de\/wp-content\/uploads\/2019\/01\/Schild_Original_Edelweiss_300x-300x199.jpg\" alt=\"\" width=\"300\" height=\"199\" \/><\/td><td class=\"column-2\"><br \/>\n<br \/>\n<br \/>\n<br \/>\n<br \/>\n<br \/>\n<\/td>\n<\/tr>\n<tr class=\"row-3\">\n\t<td class=\"column-1\">1. Etage, Gr\u00f6\u00dfe 90 m\u00b2,<\/td><td class=\"column-2\"><\/td>\n<\/tr>\n<tr class=\"row-4\">\n\t<td class=\"column-1\">bis 8 Personen<\/td><td class=\"column-2\"><\/td>\n<\/tr>\n<tr class=\"row-5\">\n\t<td class=\"column-1\">3 separate Schlafzimmer<\/td><td class=\"column-2\"><\/td>\n<\/tr>\n<tr class=\"row-6\">\n\t<td class=\"column-1\">Moderne K\u00fcche mit Ceran-Kochfeld, Umluftherd mit Grill, Mikrowelle, Sp\u00fclmaschine und K\u00fchlschrank K\u00fcche mit Essbereich<\/td><td class=\"column-2\"><\/td>\n<\/tr>\n<tr class=\"row-7\">\n\t<td class=\"column-1\">Wohnzimmer<\/td><td class=\"column-2\"><\/td>\n<\/tr>\n<tr class=\"row-8\">\n\t<td class=\"column-1\">Badezimmer mit Dusche und Badewanne<\/td><td class=\"column-2\"><\/td>\n<\/tr>\n<tr class=\"row-9\">\n\t<td class=\"column-1\">separates WC<\/td><td class=\"column-2\"><\/td>\n<\/tr>\n<tr class=\"row-10\">\n\t<td class=\"column-1\">kostenloses WLAN<\/td><td class=\"column-2\"><\/td>\n<\/tr>\n<\/tbody>\n<\/table>\n<!-- #tablepress-8 from cache --><\/p>\n<p dir=\"ltr\" align=\"left\">Wir sind zertifiziert:<\/p>\n<p dir=\"ltr\" align=\"left\"><img loading=\"lazy\" decoding=\"async\" class=\"size-medium wp-image-783 aligncenter\" src=\"https:\/\/fewo-haus-sonnenwinkel.de\/wp-content\/uploads\/2020\/02\/F-4-sterne-300x57.png\" alt=\"Mit 4-Sternen Zertifiziert\" width=\"300\" height=\"57\" srcset=\"https:\/\/fewo-haus-sonnenwinkel.de\/wp-content\/uploads\/2020\/02\/F-4-sterne-300x57.png 300w, https:\/\/fewo-haus-sonnenwinkel.de\/wp-content\/uploads\/2020\/02\/F-4-sterne-768x146.png 768w, https:\/\/fewo-haus-sonnenwinkel.de\/wp-content\/uploads\/2020\/02\/F-4-sterne.png 993w\" sizes=\"auto, (max-width: 300px) 100vw, 300px\" \/><\/p>\n<h1 dir=\"ltr\" style=\"text-align: center;\" align=\"left\"><strong><span style=\"color: #ffcc00;\">****<\/span><\/strong><\/h1>\n<p><img loading=\"lazy\" decoding=\"async\" class=\"alignleft wp-image-349 size-full\" src=\"https:\/\/www.emotionalspirit.de\/sonnenwinkel\/wp-content\/uploads\/2018\/06\/Grundriss_Edelweiss.png\" alt=\"\" width=\"1241\" height=\"588\" srcset=\"https:\/\/fewo-haus-sonnenwinkel.de\/wp-content\/uploads\/2018\/06\/Grundriss_Edelweiss.png 1241w, https:\/\/fewo-haus-sonnenwinkel.de\/wp-content\/uploads\/2018\/06\/Grundriss_Edelweiss-300x142.png 300w, https:\/\/fewo-haus-sonnenwinkel.de\/wp-content\/uploads\/2018\/06\/Grundriss_Edelweiss-768x364.png 768w, https:\/\/fewo-haus-sonnenwinkel.de\/wp-content\/uploads\/2018\/06\/Grundriss_Edelweiss-1024x485.png 1024w\" sizes=\"auto, (max-width: 767px) 89vw, (max-width: 1000px) 54vw, (max-width: 1071px) 543px, 580px\" \/><\/p>\n<p dir=\"ltr\" align=\"left\">\n<p dir=\"ltr\" align=\"left\">\n<table id=\"tablepress-9\" class=\"tablepress tablepress-id-9\">\n<tbody>\n<tr class=\"row-1\">\n\t<td class=\"column-1\"><img loading=\"lazy\" decoding=\"async\" class=\"alignleft wp-image-353\" src=\"https:\/\/www.emotionalspirit.de\/sonnenwinkel\/wp-content\/uploads\/2018\/06\/Edelweiss_Wohnen.jpg\" alt=\"\" width=\"350\" height=\"263\" srcset=\"https:\/\/fewo-haus-sonnenwinkel.de\/wp-content\/uploads\/2018\/06\/Edelweiss_Wohnen.jpg 461w, https:\/\/fewo-haus-sonnenwinkel.de\/wp-content\/uploads\/2018\/06\/Edelweiss_Wohnen-300x225.jpg 300w\" sizes=\"auto, (max-width: 350px) 100vw, 350px\" \/><\/td><td class=\"column-2\">Das Wohnzimmer mit Sat-TV, Radio- mit DVD-Player und WLAN in der ganzen Wohnung. Die Couch kann als Schlafcouch f\u00fcr bis zu zwei Personen genutzt werden.<\/td>\n<\/tr>\n<\/tbody>\n<\/table>\n<!-- #tablepress-9 from cache --><\/p>\n<h1 dir=\"ltr\" style=\"text-align: center;\" align=\"left\"><strong><span style=\"color: #ffcc00;\">****<\/span><\/strong><\/h1>\n\n<table id=\"tablepress-7\" class=\"tablepress tablepress-id-7\">\n<tbody class=\"row-hover\">\n<tr class=\"row-1\">\n\t<td class=\"column-1\"><img loading=\"lazy\" decoding=\"async\" class=\"alignleft wp-image-356\" src=\"https:\/\/www.emotionalspirit.de\/sonnenwinkel\/wp-content\/uploads\/2018\/06\/Edelweiss_Schlafen_einzel.jpg\" alt=\"\" width=\"350\" height=\"263\" srcset=\"https:\/\/fewo-haus-sonnenwinkel.de\/wp-content\/uploads\/2018\/06\/Edelweiss_Schlafen_einzel.jpg 461w, https:\/\/fewo-haus-sonnenwinkel.de\/wp-content\/uploads\/2018\/06\/Edelweiss_Schlafen_einzel-300x225.jpg 300w\" sizes=\"auto, (max-width: 350px) 100vw, 350px\" \/><\/td><td class=\"column-2\">Ein Schlafzimmer mit zwei Einzelbetten <br \/>\n(1 Twin)<\/td>\n<\/tr>\n<tr class=\"row-2\">\n\t<td class=\"column-1\"><img loading=\"lazy\" decoding=\"async\" class=\"alignleft wp-image-355\" src=\"https:\/\/www.emotionalspirit.de\/sonnenwinkel\/wp-content\/uploads\/2018\/06\/Edelweiss_Schlafen_doppel.jpg\" alt=\"\" width=\"350\" height=\"261\" srcset=\"https:\/\/fewo-haus-sonnenwinkel.de\/wp-content\/uploads\/2018\/06\/Edelweiss_Schlafen_doppel.jpg 461w, https:\/\/fewo-haus-sonnenwinkel.de\/wp-content\/uploads\/2018\/06\/Edelweiss_Schlafen_doppel-300x224.jpg 300w\" sizes=\"auto, (max-width: 350px) 100vw, 350px\" \/><\/td><td class=\"column-2\">Zwei Schlafzimmer mit jeweils einem Doppelbett <br \/>\n(2 Double)<\/td>\n<\/tr>\n<tr class=\"row-3\">\n\t<td class=\"column-1\"><img loading=\"lazy\" decoding=\"async\" class=\"alignleft wp-image-362\" src=\"https:\/\/www.emotionalspirit.de\/sonnenwinkel\/wp-content\/uploads\/2018\/06\/Edelweiss_Bad.jpg\" alt=\"\" width=\"350\" height=\"261\" srcset=\"https:\/\/fewo-haus-sonnenwinkel.de\/wp-content\/uploads\/2018\/06\/Edelweiss_Bad.jpg 461w, https:\/\/fewo-haus-sonnenwinkel.de\/wp-content\/uploads\/2018\/06\/Edelweiss_Bad-300x224.jpg 300w\" sizes=\"auto, (max-width: 350px) 100vw, 350px\" \/><\/td><td class=\"column-2\">Ein Badezimmer mit Dusche und Badewanne. Ein separates WC.<\/td>\n<\/tr>\n<\/tbody>\n<\/table>\n<!-- #tablepress-7 from cache -->\n<p style=\"color: #014989; font-family: Tahoma, sans-serif;\">Ein modernes Bad mit Dusche und Badewanne.<\/p>\n<p style=\"color: #014989; font-family: Tahoma, sans-serif;\">Ein separates WC ist zus\u00e4tzlich vorhanden.<\/p>\n\n<table id=\"tablepress-14\" class=\"tablepress tablepress-id-14\">\n<tbody class=\"row-hover\">\n<tr class=\"row-1 odd\">\n\t<td class=\"column-1\">Mietpreise FeWo Edelwei&szlig; f\u00fcr 2 Personen pro Nacht<\/td><td class=\"column-2\">115.-<\/td>\n<\/tr>\n<\/tbody>\n<\/table>\n<!-- #tablepress-14 from cache -->\n<p><span style=\"font-size: 6pt; color: #ffffff;\">Schlagw\u00f6rter:<br \/>\nAllg\u00e4u, Alpen, Alpenvorland, Argenb\u00fchl, Badesee, Bodensee, Bromerhof, Eisenharz, Familienurlaub, Ferienwohnung, Ferienwohnungen, Garten, Grillplatz, Haus Sonnenwinkel, Isny, Kinder, Langlauf, Neutrauchburg, Nordic-Walking, Radfahren, Sauna, Ski-Alpin \u00dcbernachtung, Hund, wandern, Urlaub, Wangen<\/span><\/p>\n","protected":false},"excerpt":{"rendered":"<p>Wir sind zertifiziert: **** **** Ein modernes Bad mit Dusche und Badewanne. Ein separates WC ist zus\u00e4tzlich vorhanden. Schlagw\u00f6rter: Allg\u00e4u, Alpen, Alpenvorland, Argenb\u00fchl, Badesee, Bodensee, Bromerhof, Eisenharz, Familienurlaub, Ferienwohnung, Ferienwohnungen, Garten, Grillplatz, Haus Sonnenwinkel, Isny, Kinder, Langlauf, Neutrauchburg, Nordic-Walking, Radfahren, Sauna, Ski-Alpin \u00dcbernachtung, Hund, wandern, Urlaub, Wangen<\/p>\n","protected":false},"author":1,"featured_media":0,"parent":0,"menu_order":3,"comment_status":"closed","ping_status":"closed","template":"","meta":{"footnotes":""},"class_list":["post-12","page","type-page","status-publish","hentry"],"_links":{"self":[{"href":"https:\/\/fewo-haus-sonnenwinkel.de\/index.php?rest_route=\/wp\/v2\/pages\/12","targetHints":{"allow":["GET"]}}],"collection":[{"href":"https:\/\/fewo-haus-sonnenwinkel.de\/index.php?rest_route=\/wp\/v2\/pages"}],"about":[{"href":"https:\/\/fewo-haus-sonnenwinkel.de\/index.php?rest_route=\/wp\/v2\/types\/page"}],"author":[{"embeddable":true,"href":"https:\/\/fewo-haus-sonnenwinkel.de\/index.php?rest_route=\/wp\/v2\/users\/1"}],"replies":[{"embeddable":true,"href":"https:\/\/fewo-haus-sonnenwinkel.de\/index.php?rest_route=%2Fwp%2Fv2%2Fcomments&post=12"}],"version-history":[{"count":48,"href":"https:\/\/fewo-haus-sonnenwinkel.de\/index.php?rest_route=\/wp\/v2\/pages\/12\/revisions"}],"predecessor-version":[{"id":839,"href":"https:\/\/fewo-haus-sonnenwinkel.de\/index.php?rest_route=\/wp\/v2\/pages\/12\/revisions\/839"}],"wp:attachment":[{"href":"https:\/\/fewo-haus-sonnenwinkel.de\/index.php?rest_route=%2Fwp%2Fv2%2Fmedia&parent=12"}],"curies":[{"name":"wp","href":"https:\/\/api.w.org\/{rel}","templated":true}]}}